{"id":2,"date":"2018-01-02T00:39:02","date_gmt":"2018-01-01T23:39:02","guid":{"rendered":"https:\/\/rinemo.fr\/?page_id=2"},"modified":"2020-09-04T09:56:21","modified_gmt":"2020-09-04T07:56:21","slug":"page-d-exemple","status":"publish","type":"page","link":"https:\/\/rinemo.fr\/","title":{"rendered":""},"content":{"rendered":"\n<div class=\"wp-block-media-text alignwide\"><figure class=\"wp-block-media-text__media\"><img loading=\"lazy\" decoding=\"async\" width=\"1024\" height=\"512\" src=\"https:\/\/rinemo.fr\/wp-content\/uploads\/2019\/07\/Rinemo-bijoux-logo2-01-1024x512.png\" alt=\"\" class=\"wp-image-36\" srcset=\"https:\/\/rinemo.fr\/wp-content\/uploads\/2019\/07\/Rinemo-bijoux-logo2-01-1024x512.png 1024w, https:\/\/rinemo.fr\/wp-content\/uploads\/2019\/07\/Rinemo-bijoux-logo2-01-300x150.png 300w, https:\/\/rinemo.fr\/wp-content\/uploads\/2019\/07\/Rinemo-bijoux-logo2-01-768x384.png 768w, https:\/\/rinemo.fr\/wp-content\/uploads\/2019\/07\/Rinemo-bijoux-logo2-01.png 1667w\" sizes=\"(max-width: 706px) 89vw, (max-width: 767px) 82vw, 740px\" \/><\/figure><div class=\"wp-block-media-text__content\">\n<p><a href=\"https:\/\/bijoux.rinemo.fr\">Rinemo Bijoux<\/a><br>Mon nouveau site de vente de bijoux 100% faits main, lanc\u00e9 en 2018 \ud83d\ude42<\/p>\n<\/div><\/div>\n\n\n\n<h2 class=\"wp-block-heading\">Mes blogs<\/h2>\n\n\n\n<figure class=\"wp-block-table is-style-regular\"><table><tbody><tr><td><\/td><td><a href=\"https:\/\/rinemo.fr\/chine\">Chine<\/a> (<em>2019<\/em> )<br>Direction la Chine ! Nous voici partis \u00e0 Zhuhai o\u00f9 j&rsquo;enseigne le fran\u00e7ais \u00e0 l&rsquo;universit\u00e9 Sun Yat-Sen. Un retour en Asie sous le signe de la chaleur et du soleil de la Chine du Sud.<\/td><\/tr><tr><td><img loading=\"lazy\" decoding=\"async\" width=\"150\" height=\"151\" class=\"wp-image-16\" style=\"width: 150px;\" src=\"https:\/\/rinemo.fr\/wp-content\/uploads\/2018\/04\/cuenca.jpg\" alt=\"\" srcset=\"https:\/\/rinemo.fr\/wp-content\/uploads\/2018\/04\/cuenca.jpg 300w, https:\/\/rinemo.fr\/wp-content\/uploads\/2018\/04\/cuenca-150x150.jpg 150w, https:\/\/rinemo.fr\/wp-content\/uploads\/2018\/04\/cuenca-299x300.jpg 299w, https:\/\/rinemo.fr\/wp-content\/uploads\/2018\/04\/cuenca-100x100.jpg 100w\" sizes=\"(max-width: 150px) 100vw, 150px\" \/><\/td><td><a href=\"https:\/\/rinemo.fr\/ecuador\">\u00c9quateur<\/a><em> (ao\u00fbt 2016 &#8211; juillet 2019)<\/em><br>Apr\u00e8s  Los Angeles, nous voil\u00e0 partis \u00e0 Cuenca, en \u00c9quateur, pour profiter des  richesses de l&rsquo;Am\u00e9rique Latine. Je vous raconte ici notre quotidien  dans notre ville andine et nos voyages entre Amazonie et Pacifique.<\/td><\/tr><tr><td><img loading=\"lazy\" decoding=\"async\" width=\"150\" height=\"150\" class=\"wp-image-18\" style=\"width: 150px;\" src=\"https:\/\/rinemo.fr\/wp-content\/uploads\/2018\/04\/usa.jpg\" alt=\"\" srcset=\"https:\/\/rinemo.fr\/wp-content\/uploads\/2018\/04\/usa.jpg 300w, https:\/\/rinemo.fr\/wp-content\/uploads\/2018\/04\/usa-150x150.jpg 150w, https:\/\/rinemo.fr\/wp-content\/uploads\/2018\/04\/usa-100x100.jpg 100w\" sizes=\"(max-width: 150px) 100vw, 150px\" \/><\/td><td><a href=\"https:\/\/rinemo.fr\/usa\">\u00c9tats-Unis<\/a><em> (ao\u00fbt 2015 &#8211; mai 2016)<\/em><br>Nous  voil\u00e0 partis enseigner le fran\u00e7ais \u00e0 Los Angeles. Suivez nos aventures  sur la c\u00f4te Ouest, qui signent le d\u00e9but de nos carri\u00e8res dans le  Fran\u00e7ais Langue \u00c9trang\u00e8re.<\/td><\/tr><tr><td><img loading=\"lazy\" decoding=\"async\" width=\"150\" height=\"150\" class=\"wp-image-17\" style=\"width: 150px;\" src=\"https:\/\/rinemo.fr\/wp-content\/uploads\/2018\/04\/malaisie.jpg\" alt=\"\" srcset=\"https:\/\/rinemo.fr\/wp-content\/uploads\/2018\/04\/malaisie.jpg 300w, https:\/\/rinemo.fr\/wp-content\/uploads\/2018\/04\/malaisie-150x150.jpg 150w, https:\/\/rinemo.fr\/wp-content\/uploads\/2018\/04\/malaisie-100x100.jpg 100w\" sizes=\"(max-width: 150px) 100vw, 150px\" \/><\/td><td><a href=\"https:\/\/rinemo.fr\/malaisie\">Malaisie<\/a><em> (mars &#8211; mai 2014)<\/em><br>Je  suis rest\u00e9e trois mois en Malaisie pour y effectuer mon terrain de  recherche. Vous trouverez ici des articles relatant mon p\u00e9riple dans les  diff\u00e9rentes villes que j&rsquo;ai travers\u00e9es.<\/td><\/tr><tr><td><img loading=\"lazy\" decoding=\"async\" width=\"150\" height=\"150\" class=\"wp-image-13\" style=\"width: 150px;\" src=\"https:\/\/rinemo.fr\/wp-content\/uploads\/2018\/01\/japon.jpg\" alt=\"\" srcset=\"https:\/\/rinemo.fr\/wp-content\/uploads\/2018\/01\/japon.jpg 300w, https:\/\/rinemo.fr\/wp-content\/uploads\/2018\/01\/japon-150x150.jpg 150w, https:\/\/rinemo.fr\/wp-content\/uploads\/2018\/01\/japon-100x100.jpg 100w\" sizes=\"(max-width: 150px) 100vw, 150px\" \/><\/td><td><a href=\"https:\/\/rinemo.fr\/japon\">Japon<\/a><em> (sept. 2011 &#8211; juil. 2012)<\/em><br>J&rsquo;ai pass\u00e9 un an \u00e0 Tokyo dans le cadre d&rsquo;un \u00e9change universitaire. Entre \u00e9merveillement et incompr\u00e9hension, je vous raconte mes p\u00e9rip\u00e9ties \u00e9tudiantes dans ce pays aux mille contrastes.<\/td><\/tr><\/tbody><\/table><\/figure>\n","protected":false},"excerpt":{"rendered":"<p>Rinemo BijouxMon nouveau site de vente de bijoux 100% faits main, lanc\u00e9 en 2018 \ud83d\ude42 Mes blogs Chine (2019 )Direction la Chine ! Nous voici partis \u00e0 Zhuhai o\u00f9 j&rsquo;enseigne le fran\u00e7ais \u00e0 l&rsquo;universit\u00e9 Sun Yat-Sen. Un retour en Asie sous le signe de la chaleur et du soleil de la Chine du Sud. \u00c9quateur &hellip; <\/p>\n<p class=\"link-more\"><a href=\"https:\/\/rinemo.fr\/\" class=\"more-link\">Continuer la lecture<span class=\"screen-reader-text\"> de &laquo;&nbsp;&nbsp;&raquo;<\/span><\/a><\/p>\n","protected":false},"author":1,"featured_media":0,"parent":0,"menu_order":0,"comment_status":"closed","ping_status":"open","template":"","meta":{"footnotes":""},"class_list":["post-2","page","type-page","status-publish","hentry"],"_links":{"self":[{"href":"https:\/\/rinemo.fr\/index.php?rest_route=\/wp\/v2\/pages\/2"}],"collection":[{"href":"https:\/\/rinemo.fr\/index.php?rest_route=\/wp\/v2\/pages"}],"about":[{"href":"https:\/\/rinemo.fr\/index.php?rest_route=\/wp\/v2\/types\/page"}],"author":[{"embeddable":true,"href":"https:\/\/rinemo.fr\/index.php?rest_route=\/wp\/v2\/users\/1"}],"replies":[{"embeddable":true,"href":"https:\/\/rinemo.fr\/index.php?rest_route=%2Fwp%2Fv2%2Fcomments&post=2"}],"version-history":[{"count":16,"href":"https:\/\/rinemo.fr\/index.php?rest_route=\/wp\/v2\/pages\/2\/revisions"}],"predecessor-version":[{"id":55,"href":"https:\/\/rinemo.fr\/index.php?rest_route=\/wp\/v2\/pages\/2\/revisions\/55"}],"wp:attachment":[{"href":"https:\/\/rinemo.fr\/index.php?rest_route=%2Fwp%2Fv2%2Fmedia&parent=2"}],"curies":[{"name":"wp","href":"https:\/\/api.w.org\/{rel}","templated":true}]}}